{"id":519,"date":"2018-03-26T14:16:01","date_gmt":"2018-03-26T14:16:01","guid":{"rendered":"http:\/\/34.138.3.201\/?page_id=519"},"modified":"2020-05-01T13:27:53","modified_gmt":"2020-05-01T13:27:53","slug":"brainy-boomers-2017","status":"publish","type":"page","link":"https:\/\/mcsa.ca\/index.php\/brainy-boomers-lecture-series\/brainy-boomers-2017\/","title":{"rendered":"Brainy Boomers 2017"},"content":{"rendered":"<p><strong>\u201cHealthy Bones \u2013 Healthy Body\u201d<\/strong><\/p>\n<p><em>&nbsp;<\/em><em>November 29, 2017 \u2013 Time: 12:00-1:30 p.m. <\/em><\/p>\n<p><em>Mont<\/em><em>\u00e9<\/em><em>r<\/em><em>\u00e9<\/em><em>gie West Community Network, Ch\u00e2teauguay, Quebec <\/em><\/p>\n<p>Speaker: Dr. Loraine Mazzella-Maiolo, MD, FCCP(C), McGill University Research Centre for Studies in Aging (MCSA) Education Committee<\/p>\n<p><strong>&nbsp;<\/strong><\/p>\n<p><strong>\u201cAging and Memory\u201d<\/strong><\/p>\n<p><em>November 21, 2017 \u2013 Time: 6:30 p.m. <\/em><\/p>\n<p><em>McGill University, Montreal, Quebec <\/em><\/p>\n<p>Speaker: Dr. Dolly Dastoor, PhD, Chair of MCSA education committee, the McGill University Research Centre for Studies in Aging<\/p>\n<p><strong>&nbsp;<\/strong><\/p>\n<p><strong>\u201cHeart Disease\u201d<\/strong><\/p>\n<p><em>November 1, 2017 \u2013 Time: 12:00-1:30 p.m. <\/em><\/p>\n<p><em>Mont<\/em><em>\u00e9<\/em><em>r<\/em><em>\u00e9<\/em><em>gie West Community Network<\/em><em>, Ch\u00e2teauguay, Qu\u00e9bec<\/em><\/p>\n<p><em>&nbsp;<\/em>Speaker: Dr. Loraine Mazzella-Maiolo, MD, FCCP(C), McGill University Research Centre for Studies in Aging (MCSA) Education Committee<\/p>\n<p><strong>&nbsp;<\/strong><\/p>\n<p><strong>\u201cEverything you wanted to know about Heart Disease\u201d<\/strong><\/p>\n<p><em>&nbsp;<\/em><em>October 25,2017 <\/em><\/p>\n<p><em>Biblioth<\/em><em>\u00e8<\/em><em>que du Vieux Saint Laurent, Saint Laurent, Qu\u00e9bec<\/em><\/p>\n<p>Speaker: Dr. Loraine Mazzella-Maiolo, MD, FCCP(C), McGill University Research Centre for Studies in Aging (MCSA) Education Committee<\/p>\n<p><strong>&nbsp;<\/strong><\/p>\n<p><strong>\u201cPositive Benefits of Exercise, Physical Health and Nutrition\u201d<\/strong><\/p>\n<p><em>October 3, 2017 \u2013 Time: 6:30-8:00 p.m. <\/em><\/p>\n<p><em>Mont<\/em><em>\u00e9<\/em><em>r<\/em><em>\u00e9<\/em><em>gie West Community Network, Ch\u00e2teauguay, Qu\u00e9bec<\/em><\/p>\n<p>Speaker: Dr. Dolly Dastoor, PhD, Chair of MCSA education committee, the McGill University Research Centre for Studies in Aging<\/p>\n<p><strong>&nbsp;<\/strong><\/p>\n<p><strong>\u201cAging and Memory\u201d<\/strong><\/p>\n<p><em>September 26, 2017 \u2013 Time: 6:30-8:00 p.m. <\/em><\/p>\n<p><em>Mont<\/em><em>\u00e9<\/em><em>r<\/em><em>\u00e9<\/em><em>gie West Community Network, Ch\u00e2teauguay, Qu\u00e9bec<\/em><\/p>\n<p>Speaker: Dr. Dolly Dastoor, PhD, Chair of MCSA education committee, the McGill University Research Centre for Studies in Aging<\/p>\n<p>&nbsp;<\/p>\n<p><strong>\u201cStrategies for Healthy Aging: An Active Brain\u201d<\/strong><\/p>\n<p><em>September 12, 2017 \u2013 Time: 11:30 a.m.<\/em><\/p>\n<p><em>Helvetia Seniors Club at Restaurant Portovino, Montreal, Quebec<\/em><\/p>\n<p>Speaker: Dr. Dolly Dastoor, PhD, Chair of MCSA education committee, the McGill University Research Centre for Studies in Aging<\/p>\n<p><strong>&nbsp;<\/strong><\/p>\n<p><strong>\u201cStrategies for Healthy Aging: An Active Brain\u201d<\/strong><\/p>\n<p><em>September 8, 2017 \u2013 Time: 10:00-11:00 a.m. <\/em><\/p>\n<p><em>Le Centre Cummings, Montreal, Quebec<\/em><\/p>\n<p>Speaker: Dr. Dolly Dastoor, PhD, Chair of MCSA education committee, the McGill University Research Centre for Studies in Aging<\/p>\n<p><strong>&nbsp;<\/strong><\/p>\n<p><strong>\u201cYour Smile Healthy for Life\u201d<\/strong><\/p>\n<p><em>&nbsp;<\/em><em>August 4, 2017 \u2013 Time: 10:00-11:00 a.m. <\/em><\/p>\n<p><em>Le Centre Cummings, Montreal, Quebec<\/em><\/p>\n<p>Speaker: Dr. Michael Wiseman, DDS \u2013 Faculty of Medicine, McGill University<\/p>\n<p><strong>&nbsp;<\/strong><\/p>\n<p><strong>\u201cOsteoporosis\u201d<\/strong><\/p>\n<p><em>July 7, 2017 \u2013 Time: 10:00-11:00 a.m. <\/em><\/p>\n<p><em>Le Centre Cummings, Montreal, Quebec<\/em><\/p>\n<p>Speaker: Dr. Loraine Mazzella-Maiolo, MD, FCCP(C), McGill University Research Centre for Studies in Aging (MCSA) Education Committee<\/p>\n<p><strong>&nbsp;<\/strong><\/p>\n<p><strong>\u201cDiabetes\u201d<\/strong><\/p>\n<p><em>June 2, 2017 \u2013 Time: 10:00-11:00 a.m. <\/em><\/p>\n<p><em>Le Centre Cummings, Montreal, Quebec <\/em><\/p>\n<p>Speaker: Mina Mirtaheri, Dietician<\/p>\n<p><strong>&nbsp;<\/strong><\/p>\n<p><strong>\u201cThe Strategies for Healthy Aging: an Active Brain\u201d<\/strong><\/p>\n<p><em>May 19, 2017 \u2013 Time: 1:30 p.m. <\/em><\/p>\n<p><em>Centre de Soutien Entr\u2019Aidants, Saint \u2013 Hubert, Qu\u00e9bec<\/em><\/p>\n<p>Speaker: Dr. Dolly Dastoor, PhD, Chair of MCSA education committee, the McGill University Research Centre for Studies in Aging<\/p>\n<p><strong>&nbsp;<\/strong><\/p>\n<p><strong>\u201cLa Memoria Nell\u2019Anziano\u201d<\/strong><\/p>\n<p><em>April 19, 2017 \u2013 Time: 7:30 p.m. <\/em><\/p>\n<p><em>Madre Dei Cristiani Church, LaSalle, Quebec<\/em><\/p>\n<p>Speaker: Dr. Loraine Mazzella-Maiolo, MD, FCCP(C), McGill University Research Centre for Studies in Aging (MCSA) Education Committee<\/p>\n<p><strong>&nbsp;<\/strong><\/p>\n<p><strong>\u201cHealthy Body-Healthy Bones\u201d<\/strong><\/p>\n<p><em>April 19, 2017 \u2013 Time: 12:00 p.m. <\/em><\/p>\n<p><em>Biblioth<\/em><em>\u00e8<\/em><em>que du Vieux Saint Laurent, Saint Laurent, Quebec<\/em><\/p>\n<p>Speaker: Dr. Loraine Mazzella-Maiolo, MD, FCCP(C), McGill University Research Centre for Studies in Aging (MCSA) Education Committee<\/p>\n<p><strong>&nbsp;<\/strong><\/p>\n<p><strong>\u201cStrategies for Healthy Aging: An Active Brain\u201d<\/strong><\/p>\n<p><em>April 17, 2017 \u2013 Time: 11:00 a.m. <\/em><\/p>\n<p><em>APARSE- Quebec Provincial Association of Retired School Educators, Kirkland, Quebec <\/em><\/p>\n<p>Speaker: Dr. Dolly Dastoor, PhD, Chair of MCSA education committee, the McGill University Research Centre for Studies in Aging<\/p>\n<p>&nbsp;<\/p>\n<p><strong>\u201cCoping and Caregiving\u201d<\/strong><\/p>\n<p><em>March 22, 2017 \u2013 Time: 6:15 p.m.<\/em><\/p>\n<p><em>McGill University &#8211; Arts Building, Montreal, Quebec<\/em><\/p>\n<p>Speaker: Dr. Loraine Mazzella-Maiolo, MD, FCCP(C), McGill University Research Centre for Studies in Aging (MCSA) Education Committee<\/p>\n<p><strong>&nbsp;<\/strong><\/p>\n<p><strong>\u201cAlzheimer\u2019s related research and findings\u201d<\/strong><\/p>\n<p><em>March 20, 2017 \u2013 Time: 1:45 p.m. <\/em><\/p>\n<p><em>St. Lambert United Church, Saint Laurent, Quebec <\/em><\/p>\n<p>Speaker: Dr. Dolly Dastoor, PhD, Chair of MCSA education committee, the McGill University Research Centre for Studies in Aging<\/p>\n<p><strong>&nbsp;<\/strong><\/p>\n<p><strong>\u201cHeart Disease\u201d<\/strong><\/p>\n<p><em>February 13, 2017 \u2013 Time: 2:00-4:00 p.m. <\/em><\/p>\n<p><em>South Shore Community Partners, Longueil, Quebec<\/em><\/p>\n<p>Speaker: Dr. Loraine Mazzella-Maiolo, MD, FCCP(C), McGill University Research Centre for Studies in Aging (MCSA) Education Committee<\/p>\n<p><strong>&nbsp;<\/strong><\/p>\n<p><strong>\u201cMyths of Alzheimer\u2019s Disease\u201d<\/strong><\/p>\n<p><em>January 23, 2017 \u2013 Time: 2:00-4:00 p.m. <\/em><\/p>\n<p><em>South Shore Community Partners, Longueil, Quebec<\/em><\/p>\n<p>Speaker: Dr. Dolly Dastoor, PhD, Chair of MCSA education committee, the McGill University Research Centre for Studies in Aging<\/p>\n<p><strong>&nbsp;<\/strong><\/p>\n<p><strong>\u201cAging and Memory\u201d<\/strong><\/p>\n<p><em>&nbsp;<\/em><em>January 17, 2017 \u2013 Time: 2:00-4:00 p.m. <\/em><\/p>\n<p><em>St. Augustine&#8217;s Parish, St. Bruno, Quebec<\/em><\/p>\n<p>Speaker: Dr. Dolly Dastoor, PhD, Chair of MCSA education committee, the McGill University Research Centre for Studies in Aging<\/p>\n","protected":false},"excerpt":{"rendered":"<p>\u201cHealthy Bones \u2013 Healthy Body\u201d &nbsp;November 29, 2017 \u2013 Time: 12:00-1:30 p.m. Mont\u00e9r\u00e9gie West Community Network, Ch\u00e2teauguay, Quebec Speaker: Dr. Loraine Mazzella-Maiolo, MD, FCCP(C), McGill University Research Centre for Studies in Aging (MCSA) Education Committee &nbsp; \u201cAging and Memory\u201d November 21, 2017 \u2013 Time: 6:30 p.m. McGill University, Montreal, Quebec Speaker: Dr. Dolly Dastoor, PhD, [&hellip;]<\/p>\n","protected":false},"author":6,"featured_media":0,"parent":66,"menu_order":3,"comment_status":"closed","ping_status":"closed","template":"","meta":{"footnotes":""},"_links":{"self":[{"href":"https:\/\/mcsa.ca\/index.php\/wp-json\/wp\/v2\/pages\/519"}],"collection":[{"href":"https:\/\/mcsa.ca\/index.php\/wp-json\/wp\/v2\/pages"}],"about":[{"href":"https:\/\/mcsa.ca\/index.php\/wp-json\/wp\/v2\/types\/page"}],"author":[{"embeddable":true,"href":"https:\/\/mcsa.ca\/index.php\/wp-json\/wp\/v2\/users\/6"}],"replies":[{"embeddable":true,"href":"https:\/\/mcsa.ca\/index.php\/wp-json\/wp\/v2\/comments?post=519"}],"version-history":[{"count":3,"href":"https:\/\/mcsa.ca\/index.php\/wp-json\/wp\/v2\/pages\/519\/revisions"}],"predecessor-version":[{"id":1015,"href":"https:\/\/mcsa.ca\/index.php\/wp-json\/wp\/v2\/pages\/519\/revisions\/1015"}],"up":[{"embeddable":true,"href":"https:\/\/mcsa.ca\/index.php\/wp-json\/wp\/v2\/pages\/66"}],"wp:attachment":[{"href":"https:\/\/mcsa.ca\/index.php\/wp-json\/wp\/v2\/media?parent=519"}],"curies":[{"name":"wp","href":"https:\/\/api.w.org\/{rel}","templated":true}]}}