{"id":456,"date":"2017-04-05T12:40:54","date_gmt":"2017-04-05T12:40:54","guid":{"rendered":"http:\/\/34.138.3.201\/?page_id=456"},"modified":"2017-04-05T12:46:20","modified_gmt":"2017-04-05T12:46:20","slug":"resources","status":"publish","type":"page","link":"https:\/\/mcsa.ca\/index.php\/resources\/","title":{"rendered":"Resources"},"content":{"rendered":"<p align=\"left\"><b><a href=\"http:\/\/www.lifeinsurancequotes.org\/an-intro-to-the-administration-on-aging\/\" target=\"_blank\">Administration on Aging<\/a><\/b><br \/>\nA US federal agency dedicated to policy development, planning and the delivery of home and community-based support services to older persons and their caregivers.<\/p>\n<p align=\"left\"><a href=\"http:\/\/www.agiteam.org\/\" target=\"_blank\"><b>Alzheimer Groupe AGI Inc.<\/b><\/a><\/p>\n<p align=\"left\"><b><a href=\"http:\/\/www.aarp.org\/\" target=\"_blank\">American Association of Retired Persons (AARP)<\/a><\/b><\/p>\n<p align=\"left\"><b><a href=\"http:\/\/www.americangeriatrics.org\/\" target=\"_blank\">American Geriatrics Society<\/a><\/b><\/p>\n<p align=\"left\"><a href=\"http:\/\/www.hc-sc.gc.ca\/fn-an\/food-guide-aliment\/order-commander\/index-eng.php\" target=\"_blank\"><b>Canada&#8217;s Food Guide<\/b><\/a><\/p>\n<p align=\"left\"><span class=\"bigs\"><b><a href=\"http:\/\/www.carp.ca\/\" target=\"_blank\">CARP: Canada&#8217;s Association for the Fifty-Plus<\/a><\/b><\/span><\/p>\n<p align=\"left\"><a href=\"http:\/\/www.criugm.qc.ca\/en.html\" target=\"_blank\"><b>Centre de recherche de l&#8217;Institut universitaire de g\u00e9riatrie de Montr\u00e9al<\/b><\/a><\/p>\n<p align=\"left\"><a href=\"http:\/\/www.cyberounds.com\/\" target=\"_blank\"><b>Cyberounds\u00ae<\/b><\/a><br \/>\nInteractive grand rounds moderated by distinguished academics, exclusively for physicians, medical students and other selected health professionals.<\/p>\n<p align=\"left\"><b><a href=\"http:\/\/www.douglas.qc.ca\/\" target=\"_blank\">Douglas Hospital Research Centre<\/a><\/b><\/p>\n<p align=\"left\"><a href=\"http:\/\/www.douglasrecherche.qc.ca\/brain-banks\/general-bank.asp\" target=\"_blank\"><b>Douglas Hospital Research Centre Brain Bank<\/b><\/a><\/p>\n<p align=\"left\"><b><a href=\"http:\/\/www.eurag-europe.org\/\" target=\"_blank\">European Federation of the Elderly (EURAG)<\/a><\/b><\/p>\n<p align=\"left\"><a href=\"http:\/\/www.fadoq.ca\/\" target=\"_blank\"><b>FADOQ &#8211; Mouvement des A\u00een\u00e9s du Qu\u00e9bec<\/b><\/a><\/p>\n<p align=\"left\"><b><a href=\"http:\/\/fcam.riaq.ca\/\" target=\"_blank\">Forum des citoyens \u00e2g\u00e9s de Montr\u00e9al \/ Senior Citizens Forum of Montreal<\/a><\/b><\/p>\n<p align=\"left\"><a href=\"http:\/\/www.hc-sc.gc.ca\/hl-vs\/seniors-aines\/index-eng.php\" target=\"_blank\"><b>Health Canada&#8217;s Aging and Seniors site<\/b><\/a><br \/>\nA forum for the exchange of information on aging issues.<\/p>\n<p align=\"left\"><a href=\"http:\/\/www.ifa-fiv.org\/\" target=\"_blank\"><b>International Federation on Aging (IFA)<\/b><\/a><\/p>\n<p align=\"left\"><b><a href=\"http:\/\/www.ladydavis.ca\/\" target=\"_blank\">Lady Davis Institute<\/a><\/b><\/p>\n<p><a href=\"http:\/\/www.mcgill.ca\/medicine\" target=\"_blank\"><b>McGill University Faculty of Medicine<\/b><\/a><\/p>\n<p align=\"left\"><a href=\"http:\/\/www.mcgill.ca\/\" target=\"_blank\"><b>McGill University<\/b><\/a><\/p>\n<p align=\"left\"><a href=\"http:\/\/www.mayoclinic.org\/\" target=\"_blank\"><b>Mayo Clinic (Rochester)<\/b><\/a><br \/>\nGeriatric Medicine Community Internal Medicine Division<\/p>\n<p align=\"left\"><a href=\"http:\/\/www.alzheimer.ca\/en\/montreal\" target=\"_blank\"><b>Montreal Alzheimer Society<\/b><\/a><\/p>\n<p align=\"left\"><b><a href=\"http:\/\/www.mcgill.ca\/neuro\/\" target=\"_blank\">Montreal Neurological Institute<\/a><\/b><\/p>\n<p align=\"left\"><a href=\"http:\/\/www.reisa.ca\/\" target=\"_blank\"><b>R.E.I.S.A. (East Island Network for English Language Services)<\/b><\/a><br \/>\nREISA is a partnership between community and public sector services.<\/p>\n<p>REISA works within Quebec&#8217;s linguistic legal framework to pursue community development in harmony with local community associations.<\/p>\n<p>Quebec health reform calls upon communities to contribute to the health and well-being of our vibrant multicultural society. REISA unites groups who offer services in English and in other languages. REISA does not offer direct services.<\/p>\n","protected":false},"excerpt":{"rendered":"<p>Administration on Aging A US federal agency dedicated to policy development, planning and the delivery of home and community-based support services to older persons and their caregivers. Alzheimer Groupe AGI Inc. American Association of Retired Persons (AARP) American Geriatrics Society Canada&#8217;s Food Guide CARP: Canada&#8217;s Association for the Fifty-Plus Centre de recherche de l&#8217;Institut universitaire [&hellip;]<\/p>\n","protected":false},"author":6,"featured_media":0,"parent":0,"menu_order":0,"comment_status":"closed","ping_status":"closed","template":"","meta":{"footnotes":""},"_links":{"self":[{"href":"https:\/\/mcsa.ca\/index.php\/wp-json\/wp\/v2\/pages\/456"}],"collection":[{"href":"https:\/\/mcsa.ca\/index.php\/wp-json\/wp\/v2\/pages"}],"about":[{"href":"https:\/\/mcsa.ca\/index.php\/wp-json\/wp\/v2\/types\/page"}],"author":[{"embeddable":true,"href":"https:\/\/mcsa.ca\/index.php\/wp-json\/wp\/v2\/users\/6"}],"replies":[{"embeddable":true,"href":"https:\/\/mcsa.ca\/index.php\/wp-json\/wp\/v2\/comments?post=456"}],"version-history":[{"count":3,"href":"https:\/\/mcsa.ca\/index.php\/wp-json\/wp\/v2\/pages\/456\/revisions"}],"predecessor-version":[{"id":1855,"href":"https:\/\/mcsa.ca\/index.php\/wp-json\/wp\/v2\/pages\/456\/revisions\/1855"}],"wp:attachment":[{"href":"https:\/\/mcsa.ca\/index.php\/wp-json\/wp\/v2\/media?parent=456"}],"curies":[{"name":"wp","href":"https:\/\/api.w.org\/{rel}","templated":true}]}}