{"id":3881,"date":"2025-09-07T14:25:27","date_gmt":"2025-09-07T14:25:27","guid":{"rendered":"https:\/\/mcsa.ca\/?page_id=3881"},"modified":"2025-09-07T14:31:14","modified_gmt":"2025-09-07T14:31:14","slug":"forum-de-la-federation-quebecoise-des-societes-alzheimer","status":"publish","type":"page","link":"https:\/\/mcsa.ca\/index.php\/forum-de-la-federation-quebecoise-des-societes-alzheimer\/","title":{"rendered":"Forum de la F\u00e9d\u00e9ration qu\u00e9b\u00e9coise des Soci\u00e9t\u00e9s Alzheimer"},"content":{"rendered":"\n<figure class=\"wp-block-image size-full\"><img decoding=\"async\" loading=\"lazy\" width=\"650\" height=\"250\" src=\"http:\/\/mcsa.ca\/wp-content\/uploads\/2025\/09\/image.png\" alt=\"\" class=\"wp-image-3882\" srcset=\"https:\/\/mcsa.ca\/wp-content\/uploads\/2025\/09\/image.png 650w, https:\/\/mcsa.ca\/wp-content\/uploads\/2025\/09\/image-300x115.png 300w, https:\/\/mcsa.ca\/wp-content\/uploads\/2025\/09\/image-400x154.png 400w\" sizes=\"(max-width: 650px) 100vw, 650px\" \/><\/figure>\n\n\n\n<p>Le&nbsp;<strong>Forum de la F\u00e9d\u00e9ration qu\u00e9b\u00e9coise des Soci\u00e9t\u00e9s Alzheimer<\/strong>&nbsp;se tiendra le&nbsp;<strong>24 septembre prochain au Centre Mont-Royal \u00e0 Montr\u00e9al<\/strong>.<\/p>\n\n\n\n<p>Cet \u00e9v\u00e9nement s\u2019adresse \u00e0 toute personne int\u00e9ress\u00e9e par la sant\u00e9 cognitive, aux personnes vivant avec un trouble neurocognitif ainsi qu\u2019\u00e0 leurs proches.<\/p>\n\n\n\n<p>Les th\u00e8mes abord\u00e9s incluent :<\/p>\n\n\n\n<ul>\n<li>la sant\u00e9 cognitive<\/li>\n\n\n\n<li>le rep\u00e9rage pr\u00e9coce<\/li>\n\n\n\n<li>le parcours avec la maladie<\/li>\n<\/ul>\n\n\n\n<p>La participation est possible :<br>\ud83d\udccd en pr\u00e9sentiel \u00e0 Montr\u00e9al<br>\ud83d\udccd en r\u00e9gion<br>\ud83d\udcbb en virtuel<\/p>\n\n\n\n<p>\ud83d\udc49 Pour plus d\u2019informations et inscriptions:\u00a0<a href=\"http:\/\/www.forumalzheimer.ca\/\">www.forumalzheimer.ca<\/a><\/p>\n","protected":false},"excerpt":{"rendered":"<p>Le&nbsp;Forum de la F\u00e9d\u00e9ration qu\u00e9b\u00e9coise des Soci\u00e9t\u00e9s Alzheimer&nbsp;se tiendra le&nbsp;24 septembre prochain au Centre Mont-Royal \u00e0 Montr\u00e9al. Cet \u00e9v\u00e9nement s\u2019adresse \u00e0 toute personne int\u00e9ress\u00e9e par la sant\u00e9 cognitive, aux personnes vivant avec un trouble neurocognitif ainsi qu\u2019\u00e0 leurs proches. Les th\u00e8mes abord\u00e9s incluent : La participation est possible :\ud83d\udccd en pr\u00e9sentiel \u00e0 Montr\u00e9al\ud83d\udccd en r\u00e9gion\ud83d\udcbb [&hellip;]<\/p>\n","protected":false},"author":6,"featured_media":3882,"parent":0,"menu_order":0,"comment_status":"closed","ping_status":"closed","template":"","meta":{"footnotes":""},"_links":{"self":[{"href":"https:\/\/mcsa.ca\/index.php\/wp-json\/wp\/v2\/pages\/3881"}],"collection":[{"href":"https:\/\/mcsa.ca\/index.php\/wp-json\/wp\/v2\/pages"}],"about":[{"href":"https:\/\/mcsa.ca\/index.php\/wp-json\/wp\/v2\/types\/page"}],"author":[{"embeddable":true,"href":"https:\/\/mcsa.ca\/index.php\/wp-json\/wp\/v2\/users\/6"}],"replies":[{"embeddable":true,"href":"https:\/\/mcsa.ca\/index.php\/wp-json\/wp\/v2\/comments?post=3881"}],"version-history":[{"count":4,"href":"https:\/\/mcsa.ca\/index.php\/wp-json\/wp\/v2\/pages\/3881\/revisions"}],"predecessor-version":[{"id":3887,"href":"https:\/\/mcsa.ca\/index.php\/wp-json\/wp\/v2\/pages\/3881\/revisions\/3887"}],"wp:featuredmedia":[{"embeddable":true,"href":"https:\/\/mcsa.ca\/index.php\/wp-json\/wp\/v2\/media\/3882"}],"wp:attachment":[{"href":"https:\/\/mcsa.ca\/index.php\/wp-json\/wp\/v2\/media?parent=3881"}],"curies":[{"name":"wp","href":"https:\/\/api.w.org\/{rel}","templated":true}]}}