{"id":3527,"date":"2024-01-24T11:27:43","date_gmt":"2024-01-24T11:27:43","guid":{"rendered":"https:\/\/mcsa.ca\/?page_id=3527"},"modified":"2024-01-24T11:38:10","modified_gmt":"2024-01-24T11:38:10","slug":"alzheimer-awareness-month-podcast-dr-paolo-vitali","status":"publish","type":"page","link":"https:\/\/mcsa.ca\/index.php\/alzheimer-awareness-month-podcast-dr-paolo-vitali\/","title":{"rendered":"Alzheimer Awareness Month Podcast &#8211; Dr. Paolo Vitali"},"content":{"rendered":"\t\t<div data-elementor-type=\"wp-page\" data-elementor-id=\"3527\" class=\"elementor elementor-3527\">\n\t\t\t\t\t\t\t\t\t<section class=\"elementor-section elementor-top-section elementor-element elementor-element-7e1e1b9 elementor-section-boxed elementor-section-height-default elementor-section-height-default\" data-id=\"7e1e1b9\" data-element_type=\"section\">\n\t\t\t\t\t\t<div class=\"elementor-container elementor-column-gap-default\">\n\t\t\t\t\t<div class=\"elementor-column elementor-col-50 elementor-top-column elementor-element elementor-element-646253a\" data-id=\"646253a\" data-element_type=\"column\">\n\t\t\t<div class=\"elementor-widget-wrap elementor-element-populated\">\n\t\t\t\t\t\t\t\t<div class=\"elementor-element elementor-element-d8784cf elementor-widget elementor-widget-text-editor\" data-id=\"d8784cf\" data-element_type=\"widget\" data-widget_type=\"text-editor.default\">\n\t\t\t\t<div class=\"elementor-widget-container\">\n\t\t\t<style>\/*! elementor - v3.16.0 - 20-09-2023 *\/\n.elementor-widget-text-editor.elementor-drop-cap-view-stacked .elementor-drop-cap{background-color:#69727d;color:#fff}.elementor-widget-text-editor.elementor-drop-cap-view-framed .elementor-drop-cap{color:#69727d;border:3px solid;background-color:transparent}.elementor-widget-text-editor:not(.elementor-drop-cap-view-default) .elementor-drop-cap{margin-top:8px}.elementor-widget-text-editor:not(.elementor-drop-cap-view-default) .elementor-drop-cap-letter{width:1em;height:1em}.elementor-widget-text-editor .elementor-drop-cap{float:left;text-align:center;line-height:1;font-size:50px}.elementor-widget-text-editor .elementor-drop-cap-letter{display:inline-block}<\/style>\t\t\t\t<p>As January is Alzheimer Awareness Month, the team at Mosa\u00efk, the organizational newsletter of CIUSSS de l&#8217;Ouest-de-l&#8217;\u00eele-de-Montr\u00e9al, interviewed a member of McGill University Research Centre for Studies in Aging, McGill University as part of their monthly podcast. With the ultimate goal of injecting a dose of hope, we&#8217;d like to discuss the latest breakthroughs and major advances in research, or a success story from your team.<\/p>\n<p>Podcast Recording was presented on January 16, 2024, by: <br>Dr. Paolo Vitali, MD, PhD, FRCPC, Neurologist &#8211; Neuropsychologist, McGill University Research Centre for Studies on Aging, Douglas Mental Health University Institute, Assistant Professor \u2013 McGill University Department of Neurology and Neurosurgery, Faculty of Medicine.<\/p>\n<p>You can find the audio recording below: <a href=\"https:\/\/vimeo.com\/902019491\/5f65be113c?share=copy\">https:\/\/vimeo.com\/902019491\/5f65be113c?share=copy<\/a><\/p>\t\t\t\t\t\t<\/div>\n\t\t\t\t<\/div>\n\t\t\t\t\t<\/div>\n\t\t<\/div>\n\t\t\t\t<div class=\"elementor-column elementor-col-50 elementor-top-column elementor-element elementor-element-de01758\" data-id=\"de01758\" data-element_type=\"column\">\n\t\t\t<div class=\"elementor-widget-wrap elementor-element-populated\">\n\t\t\t\t\t\t\t\t<div class=\"elementor-element elementor-element-f988694 elementor-widget elementor-widget-text-editor\" data-id=\"f988694\" data-element_type=\"widget\" data-widget_type=\"text-editor.default\">\n\t\t\t\t<div class=\"elementor-widget-container\">\n\t\t\t\t\t\t\t<p>Comme janvier est le mois de la sensibilisation \u00e0 la maladie d&#8217;Alzheimer, l&#8217;\u00e9quipe de Mosa\u00efk, le bulletin organisationnel du CIUSSS de l&#8217;Ouest-de-l&#8217;\u00eele-de-Montr\u00e9al, a interview\u00e9 un membre du Centre de recherche et d&#8217;\u00e9tudes sur le vieillissement de l&#8217;Universit\u00e9 McGill dans le cadre de sa baladodiffusion mensuelle. Dans le but ultime d&#8217;injecter une dose d&#8217;espoir, nous aimerions discuter des derni\u00e8res perc\u00e9es et des avanc\u00e9es majeures en recherche, ou d&#8217;une r\u00e9ussite de votre \u00e9quipe.<\/p><p>L&#8217;enregistrement du Balado a \u00e9t\u00e9 pr\u00e9sent\u00e9 le 16 janvier 2024 par : <br \/>Dr Paolo Vitali, MD, PhD, FRCPC, Neurologue &#8211; Neuropsychologue, Centre de recherche et d&#8217;\u00e9tudes sur le vieillissement de l&#8217;Universit\u00e9 McGill, Institut universitaire en sant\u00e9 mentale Douglas, Professeur adjoint &#8211; D\u00e9partement de neurologie et de neurochirurgie de l&#8217;Universit\u00e9 McGill, Facult\u00e9 de m\u00e9decine.<\/p><p>Vous pouvez trouver l&#8217;enregistrement audio ci-bas: <a href=\"https:\/\/vimeo.com\/902019491\/5f65be113c?share=copy\">https:\/\/vimeo.com\/902019491\/5f65be113c?share=copy<\/a><\/p>\t\t\t\t\t\t<\/div>\n\t\t\t\t<\/div>\n\t\t\t\t\t<\/div>\n\t\t<\/div>\n\t\t\t\t\t\t\t<\/div>\n\t\t<\/section>\n\t\t\t\t\t\t\t<\/div>\n\t\t","protected":false},"excerpt":{"rendered":"<p>As January is Alzheimer Awareness Month, the team at Mosa\u00efk, the organizational newsletter of CIUSSS de l&#8217;Ouest-de-l&#8217;\u00eele-de-Montr\u00e9al, interviewed a member of McGill University Research Centre for Studies in Aging, McGill University as part of their monthly podcast. With the ultimate goal of injecting a dose of hope, we&#8217;d like to discuss the latest breakthroughs and [&hellip;]<\/p>\n","protected":false},"author":6,"featured_media":0,"parent":0,"menu_order":0,"comment_status":"closed","ping_status":"closed","template":"","meta":{"footnotes":""},"_links":{"self":[{"href":"https:\/\/mcsa.ca\/index.php\/wp-json\/wp\/v2\/pages\/3527"}],"collection":[{"href":"https:\/\/mcsa.ca\/index.php\/wp-json\/wp\/v2\/pages"}],"about":[{"href":"https:\/\/mcsa.ca\/index.php\/wp-json\/wp\/v2\/types\/page"}],"author":[{"embeddable":true,"href":"https:\/\/mcsa.ca\/index.php\/wp-json\/wp\/v2\/users\/6"}],"replies":[{"embeddable":true,"href":"https:\/\/mcsa.ca\/index.php\/wp-json\/wp\/v2\/comments?post=3527"}],"version-history":[{"count":8,"href":"https:\/\/mcsa.ca\/index.php\/wp-json\/wp\/v2\/pages\/3527\/revisions"}],"predecessor-version":[{"id":3539,"href":"https:\/\/mcsa.ca\/index.php\/wp-json\/wp\/v2\/pages\/3527\/revisions\/3539"}],"wp:attachment":[{"href":"https:\/\/mcsa.ca\/index.php\/wp-json\/wp\/v2\/media?parent=3527"}],"curies":[{"name":"wp","href":"https:\/\/api.w.org\/{rel}","templated":true}]}}