{"id":3478,"date":"2023-09-12T22:49:16","date_gmt":"2023-09-12T22:49:16","guid":{"rendered":"http:\/\/mcsa.ca\/?page_id=3478"},"modified":"2024-04-07T13:04:04","modified_gmt":"2024-04-07T13:04:04","slug":"world-alzheimers-day-2023","status":"publish","type":"page","link":"https:\/\/mcsa.ca\/index.php\/world-alzheimers-day-2023\/","title":{"rendered":"World Alzheimer\u2019s Day 2023"},"content":{"rendered":"\t\t<div data-elementor-type=\"wp-page\" data-elementor-id=\"3478\" class=\"elementor elementor-3478\">\n\t\t\t\t\t\t\t\t\t<section class=\"elementor-section elementor-top-section elementor-element elementor-element-65018b0 elementor-section-boxed elementor-section-height-default elementor-section-height-default\" data-id=\"65018b0\" data-element_type=\"section\">\n\t\t\t\t\t\t<div class=\"elementor-container elementor-column-gap-default\">\n\t\t\t\t\t<div class=\"elementor-column elementor-col-50 elementor-top-column elementor-element elementor-element-f712cfd\" data-id=\"f712cfd\" data-element_type=\"column\">\n\t\t\t<div class=\"elementor-widget-wrap elementor-element-populated\">\n\t\t\t\t\t\t\t\t<div class=\"elementor-element elementor-element-2624449 elementor-widget elementor-widget-image\" data-id=\"2624449\" data-element_type=\"widget\" data-widget_type=\"image.default\">\n\t\t\t\t<div class=\"elementor-widget-container\">\n\t\t\t<style>\/*! elementor - v3.16.0 - 20-09-2023 *\/\n.elementor-widget-image{text-align:center}.elementor-widget-image a{display:inline-block}.elementor-widget-image a img[src$=\".svg\"]{width:48px}.elementor-widget-image img{vertical-align:middle;display:inline-block}<\/style>\t\t\t\t\t\t\t\t\t\t\t\t<img decoding=\"async\" src=\"http:\/\/mcsa.ca\/wp-content\/uploads\/2023\/09\/flyer_english.jpg\" title=\"\" alt=\"\" loading=\"lazy\" \/>\t\t\t\t\t\t\t\t\t\t\t\t\t\t\t<\/div>\n\t\t\t\t<\/div>\n\t\t\t\t<div class=\"elementor-element elementor-element-0973672 elementor-widget elementor-widget-text-editor\" data-id=\"0973672\" data-element_type=\"widget\" data-widget_type=\"text-editor.default\">\n\t\t\t\t<div class=\"elementor-widget-container\">\n\t\t\t<style>\/*! elementor - v3.16.0 - 20-09-2023 *\/\n.elementor-widget-text-editor.elementor-drop-cap-view-stacked .elementor-drop-cap{background-color:#69727d;color:#fff}.elementor-widget-text-editor.elementor-drop-cap-view-framed .elementor-drop-cap{color:#69727d;border:3px solid;background-color:transparent}.elementor-widget-text-editor:not(.elementor-drop-cap-view-default) .elementor-drop-cap{margin-top:8px}.elementor-widget-text-editor:not(.elementor-drop-cap-view-default) .elementor-drop-cap-letter{width:1em;height:1em}.elementor-widget-text-editor .elementor-drop-cap{float:left;text-align:center;line-height:1;font-size:50px}.elementor-widget-text-editor .elementor-drop-cap-letter{display:inline-block}<\/style>\t\t\t\t<p style=\"font-weight: 400;\">Mark your calendars for a very important event and come join us\u00a0<strong>on\u00a0<u>Thursday, September 14, 2023<\/u>\u00a0from 11am to 12:30 pm for our ONLINE event entitled:<\/strong><\/p><p style=\"font-weight: 400;\"><strong>&#8216;CELEBRATING WORLD ALZHEIMER&#8217;S DAY&#8221;<\/strong><\/p><p style=\"font-weight: 400;\">We are honored to introduce to you our keynote speakers:\u00a0<u>Ms Paola Barbarino<\/u>, CEO of Alzheimer Disease International (ADI);\u00a0<u>Dr. Serge Gauthier, C.M., C.Q., MD, FRCPC,<\/u>\u00a0Professor Emeritus in the Departments of Neurology &amp; Neurosurgery and Psychiatry at McGill University and\u00a0<u>Nicole Poirier<\/u>, Director, and Founder of Carpe Diem &#8211; Alzheimer&#8217;s Resource Centre.<\/p>\t\t\t\t\t\t<\/div>\n\t\t\t\t<\/div>\n\t\t\t\t\t<\/div>\n\t\t<\/div>\n\t\t\t\t<div class=\"elementor-column elementor-col-50 elementor-top-column elementor-element elementor-element-33f0174\" data-id=\"33f0174\" data-element_type=\"column\">\n\t\t\t<div class=\"elementor-widget-wrap elementor-element-populated\">\n\t\t\t\t\t\t\t\t<div class=\"elementor-element elementor-element-64ae93c elementor-widget elementor-widget-image\" data-id=\"64ae93c\" data-element_type=\"widget\" data-widget_type=\"image.default\">\n\t\t\t\t<div class=\"elementor-widget-container\">\n\t\t\t\t\t\t\t\t\t\t\t\t\t\t\t<img decoding=\"async\" src=\"http:\/\/mcsa.ca\/wp-content\/uploads\/2023\/09\/flyer_french.jpg\" title=\"\" alt=\"\" loading=\"lazy\" \/>\t\t\t\t\t\t\t\t\t\t\t\t\t\t\t<\/div>\n\t\t\t\t<\/div>\n\t\t\t\t<div class=\"elementor-element elementor-element-0cfe51e elementor-widget elementor-widget-text-editor\" data-id=\"0cfe51e\" data-element_type=\"widget\" data-widget_type=\"text-editor.default\">\n\t\t\t\t<div class=\"elementor-widget-container\">\n\t\t\t\t\t\t\t<p style=\"font-weight: 400;\">Inscrivez \u00e0 votre agenda un \u00e9v\u00e9nement tr\u00e8s important et joignez-vous \u00e0 nous&nbsp;<strong>le jeudi 14 septembre 2023 de 11h \u00e0 12h30 pour notre \u00e9v\u00e9nement EN LIGNE intitul\u00e9 :<\/strong><\/p>\n<p style=\"font-weight: 400;\"><strong>C\u00c9L\u00c9BRER LA JOURN\u00c9E MONDIALE DE LA MALADIE D&#8217;ALZHEIMER&#8221;<\/strong><\/p>\n<p style=\"font-weight: 400;\">Nous avons l&#8217;honneur de vous pr\u00e9senter nos conf\u00e9renciers d&#8217;honneur :&nbsp;<u>Mme Paola Barbarino<\/u>, chef de la direction d&#8217;Alzheimer Disease International (ADI) ;&nbsp;<u>Dr Serge Gauthier, C.M., C.Q., MD, FRCPC<\/u>, professeur \u00e9m\u00e9rite aux d\u00e9partements de neurologie et de neurochirurgie et de psychiatrie de l&#8217;Universit\u00e9 McGill et&nbsp;<u>Nicole Poirier<\/u>, directrice et fondatrice de Carpe Diem &#8211; Centre de ressources Alzheimer.<\/p>\t\t\t\t\t\t<\/div>\n\t\t\t\t<\/div>\n\t\t\t\t\t<\/div>\n\t\t<\/div>\n\t\t\t\t\t\t\t<\/div>\n\t\t<\/section>\n\t\t\t\t\t\t\t<\/div>\n\t\t","protected":false},"excerpt":{"rendered":"<p>Mark your calendars for a very important event and come join us\u00a0on\u00a0Thursday, September 14, 2023\u00a0from 11am to 12:30 pm for our ONLINE event entitled: &#8216;CELEBRATING WORLD ALZHEIMER&#8217;S DAY&#8221; We are honored to introduce to you our keynote speakers:\u00a0Ms Paola Barbarino, CEO of Alzheimer Disease International (ADI);\u00a0Dr. Serge Gauthier, C.M., C.Q., MD, FRCPC,\u00a0Professor Emeritus in the [&hellip;]<\/p>\n","protected":false},"author":6,"featured_media":0,"parent":0,"menu_order":0,"comment_status":"closed","ping_status":"closed","template":"","meta":{"footnotes":""},"_links":{"self":[{"href":"https:\/\/mcsa.ca\/index.php\/wp-json\/wp\/v2\/pages\/3478"}],"collection":[{"href":"https:\/\/mcsa.ca\/index.php\/wp-json\/wp\/v2\/pages"}],"about":[{"href":"https:\/\/mcsa.ca\/index.php\/wp-json\/wp\/v2\/types\/page"}],"author":[{"embeddable":true,"href":"https:\/\/mcsa.ca\/index.php\/wp-json\/wp\/v2\/users\/6"}],"replies":[{"embeddable":true,"href":"https:\/\/mcsa.ca\/index.php\/wp-json\/wp\/v2\/comments?post=3478"}],"version-history":[{"count":17,"href":"https:\/\/mcsa.ca\/index.php\/wp-json\/wp\/v2\/pages\/3478\/revisions"}],"predecessor-version":[{"id":3591,"href":"https:\/\/mcsa.ca\/index.php\/wp-json\/wp\/v2\/pages\/3478\/revisions\/3591"}],"wp:attachment":[{"href":"https:\/\/mcsa.ca\/index.php\/wp-json\/wp\/v2\/media?parent=3478"}],"curies":[{"name":"wp","href":"https:\/\/api.w.org\/{rel}","templated":true}]}}