{"id":300,"date":"2017-03-31T21:00:25","date_gmt":"2017-03-31T21:00:25","guid":{"rendered":"http:\/\/34.138.3.201\/?page_id=300"},"modified":"2020-05-01T13:29:11","modified_gmt":"2020-05-01T13:29:11","slug":"brainy-boomers-2007","status":"publish","type":"page","link":"https:\/\/mcsa.ca\/index.php\/brainy-boomers-lecture-series\/brainy-boomers-2007\/","title":{"rendered":"Brainy Boomers 2007"},"content":{"rendered":"<p><strong>1. &#8220;Brain Gym&#8221;<\/strong><\/p>\n<p><em>&nbsp;<\/em><em>October 25, 2007 &#8211; Time: 6:30 &#8211; 8:30 p.m.<\/em><\/p>\n<p><em>Jewish General Hospital, Montreal, Quebec<\/em><\/p>\n<p>Speaker: Nora Kelner, PhD and Lennie Babins, PhD (Jewish Hospital)<\/p>\n<p>*In collaboration with the Alzheimer Society of Montreal<\/p>\n<p><strong>&nbsp;<\/strong><\/p>\n<p><strong>2. &#8220;La Gymnastique du Cerveau&#8221;<\/strong><\/p>\n<p><em>October 23, 2007 &#8211; Time: 6:30 &#8211; 8:30 p.m.<\/em><\/p>\n<p><em>Institut de G\u00e9riatrie de Montr\u00e9al, Montr\u00e9al, Qu\u00e9bec <\/em><\/p>\n<p>Speaker: Nicole Caza, PhD<\/p>\n<p>*In collaboration with the Alzheimer Society of Montreal<\/p>\n<p>&nbsp;<\/p>\n<p><strong>3. &#8220;Nutrition for a Healthy Brain&#8221;<\/strong><\/p>\n<p><em>&nbsp;<\/em><em>October 18, 2007 &#8211; Time: 6:30 &#8211; 8:30 p.m.<\/em><\/p>\n<p><em>Jewish General Hospital, Montreal, Quebec<\/em><\/p>\n<p>Speaker: Risa Siga, PDt, BSc (Jewish General Hospital)<\/p>\n<p>*In collaboration with the Alzheimer Society of Montreal<\/p>\n<p>&nbsp;<\/p>\n<p><strong>4. &#8220;La M\u00e9moire et la Nutrition&#8221;<\/strong><\/p>\n<p><em>October 16, 2007 &#8211; Time: 6:30-8:30 p.m.<\/em><\/p>\n<p><em>Jewish General Hospital, Montreal, Quebec<\/em><\/p>\n<p>Speaker: Pascale Fournier, DtP<\/p>\n<p>*In collaboration with the Alzheimer Society of Montreal<\/p>\n<p>&nbsp;<\/p>\n<p><strong>5. &#8220;Memory and Aging&#8221;<\/strong><\/p>\n<p><em>October 11, 2007 &#8211; Time: 6:30 &#8211; 8:30 p.m.<\/em><\/p>\n<p>Jewish General Hospital, Montreal, Quebec<\/p>\n<p>Speaker: Dr. Loraine Mazzella-Maiolo, MD, FRCP (C)<\/p>\n<p>*In collaboration with the Alzheimer Society of Montreal<\/p>\n<p>&nbsp;<\/p>\n<p><strong>6. &#8220;Un Esprit Sain dans un Corps Sain&#8221;<\/strong><\/p>\n<p><em>October 9, 2007 &#8211; Time: 6:30 &#8211; 8:30 p.m.<\/em><\/p>\n<p><em>Institut de G\u00e9riatrie de Montr\u00e9al, Montr\u00e9al, Qu\u00e9bec<\/em><\/p>\n<p>Speaker: Jos\u00e9e Filion, MC, FRCP (C)<\/p>\n<p>*In collaboration with the Alzheimer Society of Montreal<\/p>\n","protected":false},"excerpt":{"rendered":"<p>1. &#8220;Brain Gym&#8221; &nbsp;October 25, 2007 &#8211; Time: 6:30 &#8211; 8:30 p.m. Jewish General Hospital, Montreal, Quebec Speaker: Nora Kelner, PhD and Lennie Babins, PhD (Jewish Hospital) *In collaboration with the Alzheimer Society of Montreal &nbsp; 2. &#8220;La Gymnastique du Cerveau&#8221; October 23, 2007 &#8211; Time: 6:30 &#8211; 8:30 p.m. Institut de G\u00e9riatrie de Montr\u00e9al, [&hellip;]<\/p>\n","protected":false},"author":6,"featured_media":0,"parent":66,"menu_order":14,"comment_status":"closed","ping_status":"closed","template":"","meta":{"footnotes":""},"_links":{"self":[{"href":"https:\/\/mcsa.ca\/index.php\/wp-json\/wp\/v2\/pages\/300"}],"collection":[{"href":"https:\/\/mcsa.ca\/index.php\/wp-json\/wp\/v2\/pages"}],"about":[{"href":"https:\/\/mcsa.ca\/index.php\/wp-json\/wp\/v2\/types\/page"}],"author":[{"embeddable":true,"href":"https:\/\/mcsa.ca\/index.php\/wp-json\/wp\/v2\/users\/6"}],"replies":[{"embeddable":true,"href":"https:\/\/mcsa.ca\/index.php\/wp-json\/wp\/v2\/comments?post=300"}],"version-history":[{"count":5,"href":"https:\/\/mcsa.ca\/index.php\/wp-json\/wp\/v2\/pages\/300\/revisions"}],"predecessor-version":[{"id":1027,"href":"https:\/\/mcsa.ca\/index.php\/wp-json\/wp\/v2\/pages\/300\/revisions\/1027"}],"up":[{"embeddable":true,"href":"https:\/\/mcsa.ca\/index.php\/wp-json\/wp\/v2\/pages\/66"}],"wp:attachment":[{"href":"https:\/\/mcsa.ca\/index.php\/wp-json\/wp\/v2\/media?parent=300"}],"curies":[{"name":"wp","href":"https:\/\/api.w.org\/{rel}","templated":true}]}}