{"id":282,"date":"2017-03-31T20:47:38","date_gmt":"2017-03-31T20:47:38","guid":{"rendered":"http:\/\/34.138.3.201\/?page_id=282"},"modified":"2020-07-19T18:27:11","modified_gmt":"2020-07-19T18:27:11","slug":"brainy-boomers-2016","status":"publish","type":"page","link":"https:\/\/mcsa.ca\/index.php\/brainy-boomers-lecture-series\/brainy-boomers-2016\/","title":{"rendered":"Brainy Boomers 2016"},"content":{"rendered":"<p><strong>1. \u201cUpdate on AD treatment and prevention\u201d<\/strong><\/p>\n<p><em>December 16, 2016 \u2013 Time: 10:00-11:00 a.m.<\/em><\/p>\n<p><em>The Cummings Centre, Montreal, Quebec<\/em><\/p>\n<p>Speaker: Dr. Serge Gauthier, MD, FRCPC<\/p>\n<p>&nbsp;<\/p>\n<p><strong>2. \u201cCoping Strategies for Caregivers and Family Members of Dementia Patients\u201d<\/strong><\/p>\n<p><em>November 7, 2016 \u2013 Time 2:30-4:00 p.m.<\/em><\/p>\n<p><em>South Shore Community Partners, Longueil, Quebec<\/em><\/p>\n<p>Speaker: Dr. Loraine Mazzella-Maiolo, MD, FCCP(C), McGill University Research Centre for Studies in Aging (MCSA) Education Committee<\/p>\n<p><em>&nbsp;<\/em><\/p>\n<p><strong>3. \u201cUpdate on Diagnosis, Prevention and Treatment of Alzheimer\u2019s Disease\u201d<\/strong><\/p>\n<p><em>November 1, 2016 \u2013 Time: 1:30-3:00 p.m.<\/em><\/p>\n<p><em>Pointe Claire Library, Pointe Claire, Quebec <\/em><\/p>\n<p>Speaker: Dr. Serge Gauthier, MD, FRCPC<\/p>\n<p><strong>&nbsp;<\/strong><\/p>\n<p><strong>4. \u201cStrategies for Healthy Aging: An Active Brain\u201d<\/strong><\/p>\n<p><em>October 17, 2016 \u2013 Time: 2:00-4:00 p.m.<\/em><\/p>\n<p><em>South Shore Community Partners, Longueil, Quebec<\/em><\/p>\n<p>Speaker: Dr. Dolly Dastoor, Chair of the McGill University Research Centre for Studies in Aging (MCSA) Education Committee, Assistant professor, Dept. of Psychiatry, McGill University<\/p>\n<p><strong><em>&nbsp;<\/em><\/strong><\/p>\n<p><strong>5. \u201cEverything you wanted to know about Heart Disease\u201d<\/strong><\/p>\n<p><em>October 12, 2016 \u2013 Time: 7:00-9:00 p.m.<\/em><\/p>\n<p><em>Pointe Claire Library, Pointe Claire, Quebec<\/em><\/p>\n<p>Speaker: Dr. Loraine Mazzella-Maiolo, MD, FCCP(C), McGill University Research Centre for Studies in Aging (MCSA) Education Committee<\/p>\n<p><strong>&nbsp;<\/strong><\/p>\n<p><strong>6. \u201cAlzheimer\u2019s Disease: The Whole Picture\u201d<\/strong><\/p>\n<p><em>September 22, 2016 \u2013 Time: 6:45-8:00 p.m. <\/em><\/p>\n<p><em>Montreal Neurological Institute, Montreal, Quebec<\/em><\/p>\n<p>Speaker: Dr. Pedro Rosa-Neto MD, PhD<\/p>\n<p>&nbsp;<\/p>\n<p><strong>7. \u201cAging and Memory\u201d<\/strong><\/p>\n<p><em>September 19, 2016 \u2013 Time: 2:00-4:00 p.m. <\/em><\/p>\n<p><em>South Shore Community Partners, Longueil, Quebec<\/em><\/p>\n<p>Speaker: Dr. Loraine Mazzella-Maiolo, MD, FCCP(C), McGill University Research Centre for Studies in Aging (MCSA) Education Committee<\/p>\n<p><em>&nbsp;<\/em><\/p>\n<p><strong>\u00ab&nbsp;Mise a jour sur le diagnostic et le traitement de la maladie d\u2019Alzheimer&nbsp;<\/strong><strong>\u00bb<\/strong><\/p>\n<p><em>September 13, 2016 \u2013 Time: 1:30-3:00 p.m. <\/em><\/p>\n<p><em>Alzheimer\u2019s Society, Montreal, Quebec<\/em><\/p>\n<p>Speaker: Dr. Serge Gauthier, MD, FRCPC<\/p>\n<p><strong>&nbsp;<\/strong><\/p>\n<p><strong>8. \u201cAging and Memory\u201d<\/strong><\/p>\n<p><em>September 11, 2016 \u2013 Time: 2:00-3:00 p.m.<\/em><\/p>\n<p><em>Circle Des Femmes Du Quebec D&#8217;origine Indienne, Montreal, Quebec<\/em><\/p>\n<p>Speaker: Dr. Dolly Dastoor, Chair of the McGill University Research Centre for Studies in Aging (MCSA) Education Committee, Assistant professor, Dept. of Psychiatry, McGill University<\/p>\n<p><em>&nbsp;<\/em><\/p>\n<p><strong>9. \u201cBehaviour Problems and Inventions in Alzheimer\u2019s Disease\u201d<\/strong><\/p>\n<p><em>July 28, 2016 \u2013 Time: 7:00-8:30 p.m.<\/em><\/p>\n<p><em>Le Waldorf, C\u00f4te-St Luc, Quebec <\/em><\/p>\n<p>Speaker: Dr. Dolly Dastoor, Chair of the McGill University Research Centre for Studies in Aging (MCSA) Education Committee, Assistant professor, Dept. of Psychiatry, McGill University<\/p>\n<p><strong>&nbsp;<\/strong><\/p>\n<p><strong>10. \u201cAging Successfully\u201d<\/strong><\/p>\n<p><em>June 20, 2016 \u2013 Time: 7:00-8:30 p.m. <\/em><\/p>\n<p><em>Molivos Restaurant, Montreal, Quebec<\/em><\/p>\n<p>Speaker: Dr. Dolly Dastoor, Chair of the McGill University Research Centre for Studies in Aging (MCSA) Education Committee, Assistant professor, Dept. of Psychiatry, McGill University<\/p>\n<p><em>&nbsp;<\/em><\/p>\n<p><strong>11. \u201cHealthy Body \u2013 Healthy Bones\u201d<\/strong><\/p>\n<p><em>June 8, 2016 \u2013 Time: 2:00-3:30 p.m.<\/em><\/p>\n<p><em>Le Waldorf, C\u00f4te-St Luc, Quebec<\/em><\/p>\n<p><em>&nbsp;S<\/em>peaker: Dr. Loraine Mazzella-Maiolo, MD, FCCP(C), McGill University Research Centre for Studies in Aging (MCSA) Education Committee<\/p>\n<p><em>&nbsp;<\/em><\/p>\n<p><strong>12. \u201cHow to Maintain an Active Brain and Healthy Brain\u201d<\/strong><\/p>\n<p><em>May 25, 2016 \u2013 Time: 7:30-9:00 p.m.<\/em><\/p>\n<p><em>Congregation-Beth-El, Town of Mount Royal, Quebec <\/em><\/p>\n<p>Speaker: Dr. Dolly Dastoor, Chair of the McGill University Research Centre for Studies in Aging (MCSA) Education Committee, Assistant professor, Dept. of Psychiatry, McGill University<\/p>\n<p>&nbsp;<\/p>\n<p><strong>13. \u201cAging and Memory\u201d<\/strong><\/p>\n<p><em>May 16, 2016 \u2013 Time: 2:00-4:00 p.m.<\/em><\/p>\n<p><em>South Shore Community Partners, Longueil, Quebec<\/em><\/p>\n<p>Speaker: Dr. Dolly Dastoor, Chair of the McGill University Research Centre for Studies in Aging (MCSA) Education Committee, Assistant professor, Dept. of Psychiatry, McGill University<\/p>\n<p>&nbsp;<\/p>\n<p><strong>14. \u201cLegal Issues for Brainy Boomers and Beyond\u201d<\/strong><\/p>\n<p><em>May 10, 2016 \u2013 Time: 7:00-8:30 p.m.<\/em><\/p>\n<p><em>Le Waldorf, C\u00f4te-St Luc, Quebec<\/em><\/p>\n<p>Speaker: Notary Elizabeth Da Silva<\/p>\n<p><strong>&nbsp;<\/strong><\/p>\n<p><strong>15. \u201cEat well! Live Well for a Lifetime\u201d<\/strong><\/p>\n<p><em>April 19, 2016 \u2013 Time: 2:30-3:30 p.m.<\/em><\/p>\n<p><em>Castel Royal r\u00e9sidence pour retrait\u00e9s, C\u00f4te-St Luc, Quebec<\/em><\/p>\n<p>Speaker: Mina Mirtaheri, Dietician<\/p>\n<p>&nbsp;<\/p>\n<p><strong>16. \u201cStrategies for Healthy Aging: An Active Brain\u201d<\/strong><\/p>\n<p><em>April 15, 2016 \u2013 Time: 10:00 am -12:00 p.m.<\/em><\/p>\n<p><em>McGill Community for Lifelong Learning, Montreal, Quebec<\/em><\/p>\n<p>Speaker: Dr. Dolly Dastoor, Chair of the McGill University Research Centre for Studies in Aging (MCSA) Education Committee, Assistant professor, Dept. of Psychiatry, McGill University<\/p>\n<p><strong>&nbsp;<\/strong><\/p>\n<p><strong>17. \u201cAbuse and Neglect for the Older Adults: Who are the Abusers?\u201d<\/strong><\/p>\n<p><em>April 6, 2016 \u2013 Time&nbsp;: 3&nbsp;:00-4&nbsp;:30 p.m.<\/em><\/p>\n<p><em>Le Waldorf, C\u00f4te-St Luc, Quebec<\/em><\/p>\n<p>Speaker: Dr. Daphne Nahmiash, PhD<\/p>\n<p><strong>&nbsp;<\/strong><\/p>\n<p><strong>18. \u201cAging and Memory\u201d<\/strong><\/p>\n<p><em>&nbsp;<\/em><em>March 22, 2016 \u2013 Time: 7:00-9:00 p.m.<\/em><\/p>\n<p><em>R\u00e9seau Emploi-Anglophone de Vaudreuil-Soulanges Referred by AD Society, Vaudreuil, Quebec<\/em><\/p>\n<p>Speaker: Dr. Dolly Dastoor, Chair of the McGill University Research Centre for Studies in Aging (MCSA) Education Committee, Assistant professor, Dept. of Psychiatry, McGill University<\/p>\n<p>&nbsp;<\/p>\n<p><strong>19. \u201cPositive and Active Aging\u201d<\/strong><\/p>\n<p><em>March 19, 2016 \u2013 Time: 1:30-3:00 p.m.<\/em><\/p>\n<p><em>R\u00e9sidence R\u00e9seau S\u00e9lection, Pointe Claire, Quebec<\/em><\/p>\n<p>Speaker: Dr. Daphne Nahmiash, PhD<\/p>\n<p><strong>&nbsp;<\/strong><\/p>\n<p><strong>20. \u201cAging in the 21<sup>st<\/sup> Century\u201d<\/strong><\/p>\n<p><em>&nbsp;<\/em><em>March 19, 2016 \u2013 Time: <\/em><\/p>\n<p><em>Carl Jung Society, Montreal, Quebec<\/em><\/p>\n<p>Speaker: Dr. Dolly Dastoor, Chair of the McGill University Research Centre for Studies in Aging (MCSA) Education Committee, Assistant professor, Dept. of Psychiatry, McGill University<\/p>\n<p><strong>&nbsp;<\/strong><\/p>\n","protected":false},"excerpt":{"rendered":"<p>1. \u201cUpdate on AD treatment and prevention\u201d December 16, 2016 \u2013 Time: 10:00-11:00 a.m. The Cummings Centre, Montreal, Quebec Speaker: Dr. Serge Gauthier, MD, FRCPC &nbsp; 2. \u201cCoping Strategies for Caregivers and Family Members of Dementia Patients\u201d November 7, 2016 \u2013 Time 2:30-4:00 p.m. South Shore Community Partners, Longueil, Quebec Speaker: Dr. Loraine Mazzella-Maiolo, MD, [&hellip;]<\/p>\n","protected":false},"author":6,"featured_media":0,"parent":66,"menu_order":4,"comment_status":"closed","ping_status":"closed","template":"","meta":{"footnotes":""},"_links":{"self":[{"href":"https:\/\/mcsa.ca\/index.php\/wp-json\/wp\/v2\/pages\/282"}],"collection":[{"href":"https:\/\/mcsa.ca\/index.php\/wp-json\/wp\/v2\/pages"}],"about":[{"href":"https:\/\/mcsa.ca\/index.php\/wp-json\/wp\/v2\/types\/page"}],"author":[{"embeddable":true,"href":"https:\/\/mcsa.ca\/index.php\/wp-json\/wp\/v2\/users\/6"}],"replies":[{"embeddable":true,"href":"https:\/\/mcsa.ca\/index.php\/wp-json\/wp\/v2\/comments?post=282"}],"version-history":[{"count":4,"href":"https:\/\/mcsa.ca\/index.php\/wp-json\/wp\/v2\/pages\/282\/revisions"}],"predecessor-version":[{"id":1014,"href":"https:\/\/mcsa.ca\/index.php\/wp-json\/wp\/v2\/pages\/282\/revisions\/1014"}],"up":[{"embeddable":true,"href":"https:\/\/mcsa.ca\/index.php\/wp-json\/wp\/v2\/pages\/66"}],"wp:attachment":[{"href":"https:\/\/mcsa.ca\/index.php\/wp-json\/wp\/v2\/media?parent=282"}],"curies":[{"name":"wp","href":"https:\/\/api.w.org\/{rel}","templated":true}]}}