{"id":2164,"date":"2021-04-16T21:08:04","date_gmt":"2021-04-16T21:08:04","guid":{"rendered":"http:\/\/34.138.3.201\/?page_id=2164"},"modified":"2022-03-21T22:26:18","modified_gmt":"2022-03-21T22:26:18","slug":"dr-paolo-vitali","status":"publish","type":"page","link":"https:\/\/mcsa.ca\/index.php\/dr-paolo-vitali\/","title":{"rendered":"Dr. Paolo Vitali"},"content":{"rendered":"\n<h2 class=\"wp-block-heading\">MD, PhD, FRCPC<\/h2>\n\n\n\n<div class=\"wp-block-columns is-layout-flex wp-container-4 wp-block-columns-is-layout-flex\">\n<div class=\"wp-block-column is-layout-flow wp-block-column-is-layout-flow\" style=\"flex-basis:66.66%\">\n<figure class=\"wp-block-image size-large is-resized\"><img decoding=\"async\" loading=\"lazy\" src=\"http:\/\/mcsa.ca\/wp-content\/uploads\/2017\/03\/paolo.jpeg\" alt=\"\" class=\"wp-image-191\" width=\"293\" height=\"324\"\/><\/figure>\n<\/div>\n\n\n\n<div class=\"wp-block-column is-layout-flow wp-block-column-is-layout-flow\" style=\"flex-basis:100%\">\n<p>Neurologist, Alzheimer Disease Research Unit&nbsp;<\/p>\n\n\n\n<p>McGill University Research Centre for Studies in Aging<\/p>\n\n\n\n<p>Dr Paolo Vitali is a Faculty Lecturer at McGill University Department of Neurology and Neurosurgery, Faculty of Medicine. He is a board-certified neurologist (FRCPC) and registered neuropsychologist (Ordre des psychologues du Qu\u00e9bec). He is staff neurologist at the CIUSSS Nord-de-l\u2019\u00cele-de-Montr\u00e9al and associate neurologist at McGill University Research Centre for Studies in Aging.<\/p>\n\n\n\n<p>Dr. Vitali obtained a PhD in Biomedical Sciences (Neuropsychology) from Universit\u00e9 de Montr\u00e9al in 2007. After obtaining his MD degree from Universit\u00e9 Laval in 2010, he completed a residency program in Neurology at Universit\u00e9 de Montr\u00e9al (2015). He also completed a research fellowship at the Memory and Aging Center (UCSF-San Francisco). His clinical and research focus is on acquired language disorders (aphasia) due to neurodegenerative diseases.<\/p>\n\n\n\n<div class=\"wp-block-buttons is-content-justification-center is-layout-flex wp-container-2 wp-block-buttons-is-layout-flex\">\n<div class=\"wp-block-button\"><a class=\"wp-block-button__link\" href=\"mailto:paolo.vitali@mcgill.ca\">Mail<\/a><\/div>\n\n\n\n<div class=\"wp-block-button\"><a class=\"wp-block-button__link\" href=\"http:\/\/mcsa.ca\/index.php\/news-and-events\/publications-2\/dr-paolo-vitali\/\">Publications<\/a><\/div>\n<\/div>\n<\/div>\n<\/div>\n","protected":false},"excerpt":{"rendered":"<p>MD, PhD, FRCPC Neurologist, Alzheimer Disease Research Unit&nbsp; McGill University Research Centre for Studies in Aging Dr Paolo Vitali is a Faculty Lecturer at McGill University Department of Neurology and Neurosurgery, Faculty of Medicine. He is a board-certified neurologist (FRCPC) and registered neuropsychologist (Ordre des psychologues du Qu\u00e9bec). He is staff neurologist at the CIUSSS [&hellip;]<\/p>\n","protected":false},"author":6,"featured_media":0,"parent":0,"menu_order":0,"comment_status":"closed","ping_status":"closed","template":"","meta":{"footnotes":""},"_links":{"self":[{"href":"https:\/\/mcsa.ca\/index.php\/wp-json\/wp\/v2\/pages\/2164"}],"collection":[{"href":"https:\/\/mcsa.ca\/index.php\/wp-json\/wp\/v2\/pages"}],"about":[{"href":"https:\/\/mcsa.ca\/index.php\/wp-json\/wp\/v2\/types\/page"}],"author":[{"embeddable":true,"href":"https:\/\/mcsa.ca\/index.php\/wp-json\/wp\/v2\/users\/6"}],"replies":[{"embeddable":true,"href":"https:\/\/mcsa.ca\/index.php\/wp-json\/wp\/v2\/comments?post=2164"}],"version-history":[{"count":6,"href":"https:\/\/mcsa.ca\/index.php\/wp-json\/wp\/v2\/pages\/2164\/revisions"}],"predecessor-version":[{"id":2910,"href":"https:\/\/mcsa.ca\/index.php\/wp-json\/wp\/v2\/pages\/2164\/revisions\/2910"}],"wp:attachment":[{"href":"https:\/\/mcsa.ca\/index.php\/wp-json\/wp\/v2\/media?parent=2164"}],"curies":[{"name":"wp","href":"https:\/\/api.w.org\/{rel}","templated":true}]}}