{"id":2112,"date":"2021-04-16T02:15:34","date_gmt":"2021-04-16T02:15:34","guid":{"rendered":"http:\/\/34.138.3.201\/?page_id=2112"},"modified":"2022-03-21T22:23:44","modified_gmt":"2022-03-21T22:23:44","slug":"dr-pedro-rosa-neto-bio","status":"publish","type":"page","link":"https:\/\/mcsa.ca\/index.php\/dr-pedro-rosa-neto-bio\/","title":{"rendered":"Dr. Pedro Rosa-Neto"},"content":{"rendered":"\n<h2 class=\"wp-block-heading\"><strong>MD, PhD<\/strong><\/h2>\n\n\n\n<div class=\"wp-block-columns is-layout-flex wp-container-4 wp-block-columns-is-layout-flex\">\n<div class=\"wp-block-column is-layout-flow wp-block-column-is-layout-flow\" style=\"flex-basis:44.2%\">\n<figure class=\"wp-block-image size-large is-resized\"><img decoding=\"async\" loading=\"lazy\" src=\"http:\/\/mcsa.ca\/wp-content\/uploads\/2021\/04\/Dr.-Rosa-Neto.png\" alt=\"\" class=\"wp-image-2113\" width=\"430\" height=\"430\"\/><\/figure>\n<\/div>\n\n\n\n<div class=\"wp-block-column is-layout-flow wp-block-column-is-layout-flow\" style=\"flex-basis:53.5%\">\n<p>Director, McGill University Research Centre for Studies in Aging&nbsp;<\/p>\n\n\n\n<p>Dr. Pedro Rosa-Neto MD (Federal University Rio Grande do Sul, Brazil), PhD (Aarhus University PET Centre, Denmark) is a professor of Neurology, Neurosurgery and Psychiatry at McGill University, affiliated to the Douglas Research Centre. He is also an adjunct professor of psychology at the Universit\u00e9 du Qu\u00e9bec \u00e0 Montr\u00e9al \u2022 (UQAM) and associated professor of Biomedical Science and Engineering (BMSE) at the Gwangju Institute of Science and Technology, South Korea He is a specialized in modelling dementia pathophysiological progression using imaging and fluid biomarkers. Dr. Rosa-Neto is the Director of the McGill Centre for Studies in Aging, a Fonds de Recherche Sant\u00e9 \u2013 Qu\u00e9bec Senior Scholar, and vice chair of the CCNA team 2 \u2018Inflammation and Trophic Factor deregulation in Alzheimer\u2019s disease. He is also committee member of the 4th and 5th Canadian Consensus Conference on the Diagnosis and Treatment of Dementia (CCCDTD). Dr. Rosa-Neto research is funded by Alzheimer\u2019s Association, Canadian Foundation for innervation (CFI), Fonds de Recherche Sant\u00e9 \u2013 Qu\u00e9bec (FRQ-S), Canadian Institutes of Health Research (CIHR) and the Weston Brain Institute.<\/p>\n\n\n\n<p><\/p>\n\n\n\n<div class=\"wp-block-buttons is-content-justification-center is-layout-flex wp-container-2 wp-block-buttons-is-layout-flex\">\n<div class=\"wp-block-button\"><a class=\"wp-block-button__link\" href=\"mailto:pedro.rosa@mcgill.ca\" rel=\"\">Mail<\/a><\/div>\n\n\n\n<div class=\"wp-block-button\"><a class=\"wp-block-button__link\" href=\"http:\/\/mcsa.ca\/index.php\/news-and-events\/publications-2\/dr-pedro-rosa-neto\/\">Publications<\/a><\/div>\n<\/div>\n<\/div>\n<\/div>\n","protected":false},"excerpt":{"rendered":"<p>MD, PhD Director, McGill University Research Centre for Studies in Aging&nbsp; Dr. Pedro Rosa-Neto MD (Federal University Rio Grande do Sul, Brazil), PhD (Aarhus University PET Centre, Denmark) is a professor of Neurology, Neurosurgery and Psychiatry at McGill University, affiliated to the Douglas Research Centre. He is also an adjunct professor of psychology at the [&hellip;]<\/p>\n","protected":false},"author":6,"featured_media":0,"parent":0,"menu_order":0,"comment_status":"closed","ping_status":"closed","template":"","meta":{"footnotes":""},"_links":{"self":[{"href":"https:\/\/mcsa.ca\/index.php\/wp-json\/wp\/v2\/pages\/2112"}],"collection":[{"href":"https:\/\/mcsa.ca\/index.php\/wp-json\/wp\/v2\/pages"}],"about":[{"href":"https:\/\/mcsa.ca\/index.php\/wp-json\/wp\/v2\/types\/page"}],"author":[{"embeddable":true,"href":"https:\/\/mcsa.ca\/index.php\/wp-json\/wp\/v2\/users\/6"}],"replies":[{"embeddable":true,"href":"https:\/\/mcsa.ca\/index.php\/wp-json\/wp\/v2\/comments?post=2112"}],"version-history":[{"count":19,"href":"https:\/\/mcsa.ca\/index.php\/wp-json\/wp\/v2\/pages\/2112\/revisions"}],"predecessor-version":[{"id":2908,"href":"https:\/\/mcsa.ca\/index.php\/wp-json\/wp\/v2\/pages\/2112\/revisions\/2908"}],"wp:attachment":[{"href":"https:\/\/mcsa.ca\/index.php\/wp-json\/wp\/v2\/media?parent=2112"}],"curies":[{"name":"wp","href":"https:\/\/api.w.org\/{rel}","templated":true}]}}